{"id":997,"date":"2026-04-22T18:49:47","date_gmt":"2026-04-22T16:49:47","guid":{"rendered":"https:\/\/magicshoes.fr\/?page_id=997"},"modified":"2026-04-24T08:51:47","modified_gmt":"2026-04-24T06:51:47","slug":"a-la-bonneheure","status":"publish","type":"page","link":"https:\/\/magicshoes.fr\/?page_id=997","title":{"rendered":"A la Bonne&rsquo;Heure"},"content":{"rendered":"\t\t<div data-elementor-type=\"wp-page\" data-elementor-id=\"997\" class=\"elementor elementor-997\">\n\t\t\t\t<div class=\"elementor-element elementor-element-507e801 e-flex e-con-boxed e-con e-parent\" data-id=\"507e801\" data-element_type=\"container\" data-e-type=\"container\" data-settings=\"{&quot;background_background&quot;:&quot;gradient&quot;}\">\n\t\t\t\t\t<div class=\"e-con-inner\">\n\t\t\t\t<div class=\"elementor-element elementor-element-c22e111 elementor-widget__width-initial elementor-widget-tablet__width-initial elementor-widget elementor-widget-image\" data-id=\"c22e111\" data-element_type=\"widget\" data-e-type=\"widget\" data-widget_type=\"image.default\">\n\t\t\t\t\t\t\t\t\t\t\t\t<figure class=\"wp-caption\">\n\t\t\t\t\t\t\t\t\t\t\t<a href=\"https:\/\/magicshoes.fr\">\n\t\t\t\t\t\t\t<img decoding=\"async\" width=\"150\" height=\"150\" src=\"https:\/\/magicshoes.fr\/wp-content\/uploads\/2026\/04\/logo-150x150.jpg\" class=\"attachment-thumbnail size-thumbnail wp-image-68\" alt=\"\" srcset=\"https:\/\/magicshoes.fr\/wp-content\/uploads\/2026\/04\/logo-150x150.jpg 150w, https:\/\/magicshoes.fr\/wp-content\/uploads\/2026\/04\/logo-300x300.jpg 300w, https:\/\/magicshoes.fr\/wp-content\/uploads\/2026\/04\/logo-1024x1024.jpg 1024w, https:\/\/magicshoes.fr\/wp-content\/uploads\/2026\/04\/logo-768x768.jpg 768w, https:\/\/magicshoes.fr\/wp-content\/uploads\/2026\/04\/logo.jpg 1324w\" sizes=\"(max-width: 150px) 100vw, 150px\" \/>\t\t\t\t\t\t\t\t<\/a>\n\t\t\t\t\t\t\t\t\t\t\t<figcaption class=\"widget-image-caption wp-caption-text\">Accueil<\/figcaption>\n\t\t\t\t\t\t\t\t\t\t<\/figure>\n\t\t\t\t\t\t\t\t\t<\/div>\n\t\t\t\t<div class=\"elementor-element elementor-element-dfaf913 elementor-widget-mobile__width-initial elementor-widget elementor-widget-heading\" data-id=\"dfaf913\" data-element_type=\"widget\" data-e-type=\"widget\" data-widget_type=\"heading.default\">\n\t\t\t\t\t<h1 class=\"elementor-heading-title elementor-size-default\">A la Bonn'Heure<\/h1>\t\t\t\t<\/div>\n\t\t\t\t\t<\/div>\n\t\t\t\t<\/div>\n\t\t<div class=\"elementor-element elementor-element-7e6951b e-flex e-con-boxed e-con e-parent\" data-id=\"7e6951b\" data-element_type=\"container\" data-e-type=\"container\" data-settings=\"{&quot;background_background&quot;:&quot;gradient&quot;}\">\n\t\t\t\t\t<div class=\"e-con-inner\">\n\t\t\t\t<div class=\"elementor-element elementor-element-4131801 elementor-widget-tablet__width-initial elementor-widget elementor-widget-text-editor\" data-id=\"4131801\" data-element_type=\"widget\" data-e-type=\"widget\" data-widget_type=\"text-editor.default\">\n\t\t\t\t\t\t\t\t\t<p>Vous vous aimez, vous vous \u00eates trouv\u00e9s, \u00ab\u00a0A la bonn&rsquo;heure\u00a0\u00bb. Pour c\u00e9l\u00e9brer votre union, quoi de mieux que les mots d&rsquo;amour de la chanson fran\u00e7aise, un r\u00e9pertoire enti\u00e8rement d\u00e9di\u00e9 aux grands classiques intemporels en passant par les succ\u00e8s r\u00e9cents pour accompagner ce moment intimiste et convivial.<\/p><p>Vous r\u00eavez d&rsquo;accueillir vos convives avec un cocktail pr\u00e9par\u00e9 avec un peu d&rsquo;\u00e9motion, de nostalgie, de joie et d&rsquo;\u00e9l\u00e9gance alors nous avons le plaisir de vous proposer notre \u00ab\u00a0Ap\u00e9ro Musical\u00a0\u00bb en ce jour unique et d&rsquo;exception pour sublimer cette c\u00e9l\u00e9bration. Une bande son \u00ab\u00a0live\u00a0\u00bb qui raconte peut-\u00eatre votre histoire ou celles de vos proches. Des m\u00e9lodies inoubliables ancr\u00e9es dans l&rsquo;inconscient collectif.<\/p><p>\u00ab\u00a0\u00c0 la bonn&rsquo;heure\u00a0\u00bb, Notre et duo complice saura cr\u00e9er une ambiance \u00e0 la fois douce, raffin\u00e9e, festive, parfaite pour lancer votre \u00e9v\u00e9nement sur un moment chaleureux et m\u00e9morable. Les plus beaux mariages sont ceux qui enchantent les c\u0153urs&#8230;!!!<\/p>\t\t\t\t\t\t\t\t<\/div>\n\t\t\t\t\t<\/div>\n\t\t\t\t<\/div>\n\t\t<div class=\"elementor-element elementor-element-29a6f28 e-flex e-con-boxed e-con e-parent\" data-id=\"29a6f28\" data-element_type=\"container\" data-e-type=\"container\" data-settings=\"{&quot;background_background&quot;:&quot;gradient&quot;}\">\n\t\t\t\t\t<div class=\"e-con-inner\">\n\t\t<div class=\"elementor-element elementor-element-145d1dd e-con-full e-flex e-con e-child\" data-id=\"145d1dd\" data-element_type=\"container\" data-e-type=\"container\">\n\t\t\t\t<div class=\"elementor-element elementor-element-28f3448 elementor-widget elementor-widget-shortcode\" data-id=\"28f3448\" data-element_type=\"widget\" data-e-type=\"widget\" data-widget_type=\"shortcode.default\">\n\t\t\t\t\t\t\t<div class=\"elementor-shortcode\"><iframe width=\"100%\" height=\"450\" scrolling=\"no\" frameborder=\"no\" allow=\"autoplay\" src=\"https:\/\/w.soundcloud.com\/player\/?url=https%3A\/\/api.soundcloud.com\/playlists\/soundcloud%253Aplaylists%253A2226098561&color=%23ff5500&auto_play=false&hide_related=false&show_comments=true&show_user=true&show_reposts=false&show_teaser=true\"><\/iframe><div style=\"font-size: 10px; color: #cccccc;line-break: anywhere;word-break: normal;overflow: hidden;white-space: nowrap;text-overflow: ellipsis; font-family: Interstate,Lucida Grande,Lucida Sans Unicode,Lucida Sans,Garuda,Verdana,Tahoma,sans-serif;font-weight: 100;\"><a href=\"https:\/\/soundcloud.com\/magic-shoes-703610477\" title=\"Magic Shoes\" target=\"_blank\" style=\"color: #cccccc; text-decoration: none;\">Magic Shoes<\/a> \u00b7 <a href=\"https:\/\/soundcloud.com\/magic-shoes-703610477\/sets\/a-la-bonnheure\" title=\"A la Bonn&#x27;Heure\" target=\"_blank\" style=\"color: #cccccc; text-decoration: none;\">A la Bonn&#x27;Heure<\/a><\/div><\/div>\n\t\t\t\t\t\t<\/div>\n\t\t\t\t<\/div>\n\t\t<div class=\"elementor-element elementor-element-fbd6dd5 e-con-full e-flex e-con e-child\" data-id=\"fbd6dd5\" data-element_type=\"container\" data-e-type=\"container\">\n\t\t\t\t<div class=\"elementor-element elementor-element-9d2f040 elementor-widget elementor-widget-image\" data-id=\"9d2f040\" data-element_type=\"widget\" data-e-type=\"widget\" data-widget_type=\"image.default\">\n\t\t\t\t\t\t\t\t\t\t\t\t\t\t\t<img fetchpriority=\"high\" decoding=\"async\" width=\"768\" height=\"987\" src=\"https:\/\/magicshoes.fr\/wp-content\/uploads\/2026\/04\/1776952670422-768x987.jpg\" class=\"attachment-medium_large size-medium_large wp-image-1265\" alt=\"\" srcset=\"https:\/\/magicshoes.fr\/wp-content\/uploads\/2026\/04\/1776952670422-768x987.jpg 768w, https:\/\/magicshoes.fr\/wp-content\/uploads\/2026\/04\/1776952670422-233x300.jpg 233w, https:\/\/magicshoes.fr\/wp-content\/uploads\/2026\/04\/1776952670422-796x1024.jpg 796w, https:\/\/magicshoes.fr\/wp-content\/uploads\/2026\/04\/1776952670422.jpg 896w\" sizes=\"(max-width: 768px) 100vw, 768px\" \/>\t\t\t\t\t\t\t\t\t\t\t\t\t\t\t<\/div>\n\t\t\t\t<\/div>\n\t\t\t\t\t<\/div>\n\t\t\t\t<\/div>\n\t\t<div class=\"elementor-element elementor-element-f159a90 e-flex e-con-boxed e-con e-parent\" data-id=\"f159a90\" data-element_type=\"container\" data-e-type=\"container\" data-settings=\"{&quot;background_background&quot;:&quot;gradient&quot;}\">\n\t\t\t\t\t<div class=\"e-con-inner\">\n\t\t\t\t<div class=\"elementor-element elementor-element-62df57f elementor-widget__width-initial elementor-widget-tablet__width-initial elementor-widget elementor-widget-image\" data-id=\"62df57f\" data-element_type=\"widget\" data-e-type=\"widget\" data-widget_type=\"image.default\">\n\t\t\t\t\t\t\t\t\t\t\t\t<figure class=\"wp-caption\">\n\t\t\t\t\t\t\t\t\t\t\t<a href=\"https:\/\/magicshoes.fr\">\n\t\t\t\t\t\t\t<img decoding=\"async\" width=\"150\" height=\"150\" src=\"https:\/\/magicshoes.fr\/wp-content\/uploads\/2026\/04\/logo-150x150.jpg\" class=\"attachment-thumbnail size-thumbnail wp-image-68\" alt=\"\" srcset=\"https:\/\/magicshoes.fr\/wp-content\/uploads\/2026\/04\/logo-150x150.jpg 150w, https:\/\/magicshoes.fr\/wp-content\/uploads\/2026\/04\/logo-300x300.jpg 300w, https:\/\/magicshoes.fr\/wp-content\/uploads\/2026\/04\/logo-1024x1024.jpg 1024w, https:\/\/magicshoes.fr\/wp-content\/uploads\/2026\/04\/logo-768x768.jpg 768w, https:\/\/magicshoes.fr\/wp-content\/uploads\/2026\/04\/logo.jpg 1324w\" sizes=\"(max-width: 150px) 100vw, 150px\" \/>\t\t\t\t\t\t\t\t<\/a>\n\t\t\t\t\t\t\t\t\t\t\t<figcaption class=\"widget-image-caption wp-caption-text\">Accueil<\/figcaption>\n\t\t\t\t\t\t\t\t\t\t<\/figure>\n\t\t\t\t\t\t\t\t\t<\/div>\n\t\t\t\t<div class=\"elementor-element elementor-element-e616299 elementor-view-default elementor-widget elementor-widget-icon\" data-id=\"e616299\" data-element_type=\"widget\" data-e-type=\"widget\" data-widget_type=\"icon.default\">\n\t\t\t\t\t\t\t<div class=\"elementor-icon-wrapper\">\n\t\t\t<a class=\"elementor-icon\" href=\"mailto:contact@magicshoes.fr\">\n\t\t\t<svg aria-hidden=\"true\" class=\"e-font-icon-svg e-far-envelope\" viewBox=\"0 0 512 512\" xmlns=\"http:\/\/www.w3.org\/2000\/svg\"><path d=\"M464 64H48C21.49 64 0 85.49 0 112v288c0 26.51 21.49 48 48 48h416c26.51 0 48-21.49 48-48V112c0-26.51-21.49-48-48-48zm0 48v40.805c-22.422 18.259-58.168 46.651-134.587 106.49-16.841 13.247-50.201 45.072-73.413 44.701-23.208.375-56.579-31.459-73.413-44.701C106.18 199.465 70.425 171.067 48 152.805V112h416zM48 400V214.398c22.914 18.251 55.409 43.862 104.938 82.646 21.857 17.205 60.134 55.186 103.062 54.955 42.717.231 80.509-37.199 103.053-54.947 49.528-38.783 82.032-64.401 104.947-82.653V400H48z\"><\/path><\/svg>\t\t\t<\/a>\n\t\t<\/div>\n\t\t\t\t\t\t<\/div>\n\t\t\t\t\t<\/div>\n\t\t\t\t<\/div>\n\t\t\t\t<\/div>\n\t\t","protected":false},"excerpt":{"rendered":"<p>Accueil A la Bonn&rsquo;Heure Vous vous aimez, vous vous \u00eates trouv\u00e9s, \u00ab\u00a0A la bonn&rsquo;heure\u00a0\u00bb. Pour c\u00e9l\u00e9brer votre union, quoi de mieux que les mots d&rsquo;amour de la chanson fran\u00e7aise, un r\u00e9pertoire enti\u00e8rement d\u00e9di\u00e9 aux grands classiques intemporels en passant par les succ\u00e8s r\u00e9cents pour accompagner ce moment intimiste et convivial. Vous r\u00eavez d&rsquo;accueillir vos convives [&hellip;]<\/p>\n","protected":false},"author":1,"featured_media":0,"parent":0,"menu_order":0,"comment_status":"closed","ping_status":"closed","template":"","meta":{"footnotes":""},"class_list":["post-997","page","type-page","status-publish","hentry","entry"],"_links":{"self":[{"href":"https:\/\/magicshoes.fr\/index.php?rest_route=\/wp\/v2\/pages\/997","targetHints":{"allow":["GET"]}}],"collection":[{"href":"https:\/\/magicshoes.fr\/index.php?rest_route=\/wp\/v2\/pages"}],"about":[{"href":"https:\/\/magicshoes.fr\/index.php?rest_route=\/wp\/v2\/types\/page"}],"author":[{"embeddable":true,"href":"https:\/\/magicshoes.fr\/index.php?rest_route=\/wp\/v2\/users\/1"}],"replies":[{"embeddable":true,"href":"https:\/\/magicshoes.fr\/index.php?rest_route=%2Fwp%2Fv2%2Fcomments&post=997"}],"version-history":[{"count":55,"href":"https:\/\/magicshoes.fr\/index.php?rest_route=\/wp\/v2\/pages\/997\/revisions"}],"predecessor-version":[{"id":1289,"href":"https:\/\/magicshoes.fr\/index.php?rest_route=\/wp\/v2\/pages\/997\/revisions\/1289"}],"wp:attachment":[{"href":"https:\/\/magicshoes.fr\/index.php?rest_route=%2Fwp%2Fv2%2Fmedia&parent=997"}],"curies":[{"name":"wp","href":"https:\/\/api.w.org\/{rel}","templated":true}]}}