{"id":976,"date":"2026-04-22T12:14:53","date_gmt":"2026-04-22T10:14:53","guid":{"rendered":"https:\/\/magicshoes.fr\/?page_id=976"},"modified":"2026-04-24T09:46:58","modified_gmt":"2026-04-24T07:46:58","slug":"soulmate","status":"publish","type":"page","link":"https:\/\/magicshoes.fr\/?page_id=976","title":{"rendered":"Soulmate"},"content":{"rendered":"\t\t<div data-elementor-type=\"wp-page\" data-elementor-id=\"976\" class=\"elementor elementor-976\">\n\t\t\t\t<div class=\"elementor-element elementor-element-a51f7bf e-flex e-con-boxed e-con e-parent\" data-id=\"a51f7bf\" data-element_type=\"container\" data-e-type=\"container\" data-settings=\"{&quot;background_background&quot;:&quot;gradient&quot;}\">\n\t\t\t\t\t<div class=\"e-con-inner\">\n\t\t\t\t<div class=\"elementor-element elementor-element-1befbd2 elementor-widget__width-initial elementor-widget-tablet__width-initial elementor-widget elementor-widget-image\" data-id=\"1befbd2\" data-element_type=\"widget\" data-e-type=\"widget\" data-widget_type=\"image.default\">\n\t\t\t\t\t\t\t\t\t\t\t\t<figure class=\"wp-caption\">\n\t\t\t\t\t\t\t\t\t\t\t<a href=\"https:\/\/magicshoes.fr\">\n\t\t\t\t\t\t\t<img decoding=\"async\" width=\"150\" height=\"150\" src=\"https:\/\/magicshoes.fr\/wp-content\/uploads\/2026\/04\/logo-150x150.jpg\" class=\"attachment-thumbnail size-thumbnail wp-image-68\" alt=\"\" srcset=\"https:\/\/magicshoes.fr\/wp-content\/uploads\/2026\/04\/logo-150x150.jpg 150w, https:\/\/magicshoes.fr\/wp-content\/uploads\/2026\/04\/logo-300x300.jpg 300w, https:\/\/magicshoes.fr\/wp-content\/uploads\/2026\/04\/logo-1024x1024.jpg 1024w, https:\/\/magicshoes.fr\/wp-content\/uploads\/2026\/04\/logo-768x768.jpg 768w, https:\/\/magicshoes.fr\/wp-content\/uploads\/2026\/04\/logo.jpg 1324w\" sizes=\"(max-width: 150px) 100vw, 150px\" \/>\t\t\t\t\t\t\t\t<\/a>\n\t\t\t\t\t\t\t\t\t\t\t<figcaption class=\"widget-image-caption wp-caption-text\">Accueil<\/figcaption>\n\t\t\t\t\t\t\t\t\t\t<\/figure>\n\t\t\t\t\t\t\t\t\t<\/div>\n\t\t\t\t<div class=\"elementor-element elementor-element-718c498 elementor-widget-mobile__width-initial elementor-widget elementor-widget-heading\" data-id=\"718c498\" data-element_type=\"widget\" data-e-type=\"widget\" data-widget_type=\"heading.default\">\n\t\t\t\t\t<h1 class=\"elementor-heading-title elementor-size-default\">Soulmate<\/h1>\t\t\t\t<\/div>\n\t\t\t\t\t<\/div>\n\t\t\t\t<\/div>\n\t\t<div class=\"elementor-element elementor-element-2c58782 e-flex e-con-boxed e-con e-parent\" data-id=\"2c58782\" data-element_type=\"container\" data-e-type=\"container\" data-settings=\"{&quot;background_background&quot;:&quot;gradient&quot;}\">\n\t\t\t\t\t<div class=\"e-con-inner\">\n\t\t\t\t<div class=\"elementor-element elementor-element-e9f5f4a elementor-widget-tablet__width-initial elementor-widget elementor-widget-text-editor\" data-id=\"e9f5f4a\" data-element_type=\"widget\" data-e-type=\"widget\" data-widget_type=\"text-editor.default\">\n\t\t\t\t\t\t\t\t\t<p>Quelques classiques de la musique Pop &amp; Soul abreuv\u00e9s \u00e0 la source du pass\u00e9 pour nourrir nos \u00e2mes au pr\u00e9sent. Ces chansons continuent de nous faire danser, r\u00eaver et croire en la n\u00e9c\u00e9ssit\u00e9 du partage, de la joie et du plaisir d&rsquo;\u00eatre ensemble.<\/p>\t\t\t\t\t\t\t\t<\/div>\n\t\t\t\t\t<\/div>\n\t\t\t\t<\/div>\n\t\t<div class=\"elementor-element elementor-element-240ebfa e-flex e-con-boxed e-con e-parent\" data-id=\"240ebfa\" data-element_type=\"container\" data-e-type=\"container\" data-settings=\"{&quot;background_background&quot;:&quot;gradient&quot;}\">\n\t\t\t\t\t<div class=\"e-con-inner\">\n\t\t<div class=\"elementor-element elementor-element-51f5192 e-con-full e-flex e-con e-child\" data-id=\"51f5192\" data-element_type=\"container\" data-e-type=\"container\">\n\t\t\t\t<div class=\"elementor-element elementor-element-2f4d29c elementor-widget elementor-widget-shortcode\" data-id=\"2f4d29c\" data-element_type=\"widget\" data-e-type=\"widget\" data-widget_type=\"shortcode.default\">\n\t\t\t\t\t\t\t<div class=\"elementor-shortcode\"><iframe width=\"100%\" height=\"450\" scrolling=\"no\" frameborder=\"no\" allow=\"autoplay\" src=\"https:\/\/w.soundcloud.com\/player\/?url=https%3A\/\/api.soundcloud.com\/playlists\/soundcloud%253Aplaylists%253A2225942051&color=%23ff5500&auto_play=false&hide_related=false&show_comments=true&show_user=true&show_reposts=false&show_teaser=true\"><\/iframe><div style=\"font-size: 10px; color: #cccccc;line-break: anywhere;word-break: normal;overflow: hidden;white-space: nowrap;text-overflow: ellipsis; font-family: Interstate,Lucida Grande,Lucida Sans Unicode,Lucida Sans,Garuda,Verdana,Tahoma,sans-serif;font-weight: 100;\"><a href=\"https:\/\/soundcloud.com\/magic-shoes-703610477\" title=\"Magic Shoes\" target=\"_blank\" style=\"color: #cccccc; text-decoration: none;\">Magic Shoes<\/a> \u00b7 <a href=\"https:\/\/soundcloud.com\/magic-shoes-703610477\/sets\/soulmate\" title=\"Soulmate\" target=\"_blank\" style=\"color: #cccccc; text-decoration: none;\">Soulmate<\/a><\/div><\/div>\n\t\t\t\t\t\t<\/div>\n\t\t\t\t<\/div>\n\t\t<div class=\"elementor-element elementor-element-bf9610f e-con-full e-flex e-con e-child\" data-id=\"bf9610f\" data-element_type=\"container\" data-e-type=\"container\">\n\t\t\t\t<div class=\"elementor-element elementor-element-a03762b elementor-widget elementor-widget-image\" data-id=\"a03762b\" data-element_type=\"widget\" data-e-type=\"widget\" data-widget_type=\"image.default\">\n\t\t\t\t\t\t\t\t\t\t\t\t\t\t\t<img fetchpriority=\"high\" decoding=\"async\" width=\"768\" height=\"1021\" src=\"https:\/\/magicshoes.fr\/wp-content\/uploads\/2026\/04\/Photo-Duo-avec-Instruments-2_-Escalier-Vox-originale-768x1021.jpg\" class=\"attachment-medium_large size-medium_large wp-image-1347\" alt=\"\" srcset=\"https:\/\/magicshoes.fr\/wp-content\/uploads\/2026\/04\/Photo-Duo-avec-Instruments-2_-Escalier-Vox-originale-768x1021.jpg 768w, https:\/\/magicshoes.fr\/wp-content\/uploads\/2026\/04\/Photo-Duo-avec-Instruments-2_-Escalier-Vox-originale-226x300.jpg 226w, https:\/\/magicshoes.fr\/wp-content\/uploads\/2026\/04\/Photo-Duo-avec-Instruments-2_-Escalier-Vox-originale-770x1024.jpg 770w, https:\/\/magicshoes.fr\/wp-content\/uploads\/2026\/04\/Photo-Duo-avec-Instruments-2_-Escalier-Vox-originale-1155x1536.jpg 1155w, https:\/\/magicshoes.fr\/wp-content\/uploads\/2026\/04\/Photo-Duo-avec-Instruments-2_-Escalier-Vox-originale.jpg 1540w\" sizes=\"(max-width: 768px) 100vw, 768px\" \/>\t\t\t\t\t\t\t\t\t\t\t\t\t\t\t<\/div>\n\t\t\t\t<\/div>\n\t\t\t\t\t<\/div>\n\t\t\t\t<\/div>\n\t\t<div class=\"elementor-element elementor-element-d1b3cc3 e-flex e-con-boxed e-con e-parent\" data-id=\"d1b3cc3\" data-element_type=\"container\" data-e-type=\"container\" data-settings=\"{&quot;background_background&quot;:&quot;gradient&quot;}\">\n\t\t\t\t\t<div class=\"e-con-inner\">\n\t\t\t\t<div class=\"elementor-element elementor-element-14fdae9 elementor-widget__width-initial elementor-widget-tablet__width-initial elementor-widget elementor-widget-image\" data-id=\"14fdae9\" data-element_type=\"widget\" data-e-type=\"widget\" data-widget_type=\"image.default\">\n\t\t\t\t\t\t\t\t\t\t\t\t<figure class=\"wp-caption\">\n\t\t\t\t\t\t\t\t\t\t\t<a href=\"https:\/\/magicshoes.fr\">\n\t\t\t\t\t\t\t<img decoding=\"async\" width=\"150\" height=\"150\" src=\"https:\/\/magicshoes.fr\/wp-content\/uploads\/2026\/04\/logo-150x150.jpg\" class=\"attachment-thumbnail size-thumbnail wp-image-68\" alt=\"\" srcset=\"https:\/\/magicshoes.fr\/wp-content\/uploads\/2026\/04\/logo-150x150.jpg 150w, https:\/\/magicshoes.fr\/wp-content\/uploads\/2026\/04\/logo-300x300.jpg 300w, https:\/\/magicshoes.fr\/wp-content\/uploads\/2026\/04\/logo-1024x1024.jpg 1024w, https:\/\/magicshoes.fr\/wp-content\/uploads\/2026\/04\/logo-768x768.jpg 768w, https:\/\/magicshoes.fr\/wp-content\/uploads\/2026\/04\/logo.jpg 1324w\" sizes=\"(max-width: 150px) 100vw, 150px\" \/>\t\t\t\t\t\t\t\t<\/a>\n\t\t\t\t\t\t\t\t\t\t\t<figcaption class=\"widget-image-caption wp-caption-text\">Accueil<\/figcaption>\n\t\t\t\t\t\t\t\t\t\t<\/figure>\n\t\t\t\t\t\t\t\t\t<\/div>\n\t\t\t\t<div class=\"elementor-element elementor-element-63d30fb elementor-view-default elementor-widget elementor-widget-icon\" data-id=\"63d30fb\" data-element_type=\"widget\" data-e-type=\"widget\" data-widget_type=\"icon.default\">\n\t\t\t\t\t\t\t<div class=\"elementor-icon-wrapper\">\n\t\t\t<a class=\"elementor-icon\" href=\"mailto:contact@magicshoes.fr\">\n\t\t\t<svg aria-hidden=\"true\" class=\"e-font-icon-svg e-far-envelope\" viewBox=\"0 0 512 512\" xmlns=\"http:\/\/www.w3.org\/2000\/svg\"><path d=\"M464 64H48C21.49 64 0 85.49 0 112v288c0 26.51 21.49 48 48 48h416c26.51 0 48-21.49 48-48V112c0-26.51-21.49-48-48-48zm0 48v40.805c-22.422 18.259-58.168 46.651-134.587 106.49-16.841 13.247-50.201 45.072-73.413 44.701-23.208.375-56.579-31.459-73.413-44.701C106.18 199.465 70.425 171.067 48 152.805V112h416zM48 400V214.398c22.914 18.251 55.409 43.862 104.938 82.646 21.857 17.205 60.134 55.186 103.062 54.955 42.717.231 80.509-37.199 103.053-54.947 49.528-38.783 82.032-64.401 104.947-82.653V400H48z\"><\/path><\/svg>\t\t\t<\/a>\n\t\t<\/div>\n\t\t\t\t\t\t<\/div>\n\t\t\t\t\t<\/div>\n\t\t\t\t<\/div>\n\t\t\t\t<\/div>\n\t\t","protected":false},"excerpt":{"rendered":"<p>Accueil Soulmate Quelques classiques de la musique Pop &amp; Soul abreuv\u00e9s \u00e0 la source du pass\u00e9 pour nourrir nos \u00e2mes au pr\u00e9sent. Ces chansons continuent de nous faire danser, r\u00eaver et croire en la n\u00e9c\u00e9ssit\u00e9 du partage, de la joie et du plaisir d&rsquo;\u00eatre ensemble. Magic Shoes \u00b7 Soulmate Accueil<\/p>\n","protected":false},"author":1,"featured_media":0,"parent":0,"menu_order":0,"comment_status":"closed","ping_status":"closed","template":"","meta":{"footnotes":""},"class_list":["post-976","page","type-page","status-publish","hentry","entry"],"_links":{"self":[{"href":"https:\/\/magicshoes.fr\/index.php?rest_route=\/wp\/v2\/pages\/976","targetHints":{"allow":["GET"]}}],"collection":[{"href":"https:\/\/magicshoes.fr\/index.php?rest_route=\/wp\/v2\/pages"}],"about":[{"href":"https:\/\/magicshoes.fr\/index.php?rest_route=\/wp\/v2\/types\/page"}],"author":[{"embeddable":true,"href":"https:\/\/magicshoes.fr\/index.php?rest_route=\/wp\/v2\/users\/1"}],"replies":[{"embeddable":true,"href":"https:\/\/magicshoes.fr\/index.php?rest_route=%2Fwp%2Fv2%2Fcomments&post=976"}],"version-history":[{"count":70,"href":"https:\/\/magicshoes.fr\/index.php?rest_route=\/wp\/v2\/pages\/976\/revisions"}],"predecessor-version":[{"id":1362,"href":"https:\/\/magicshoes.fr\/index.php?rest_route=\/wp\/v2\/pages\/976\/revisions\/1362"}],"wp:attachment":[{"href":"https:\/\/magicshoes.fr\/index.php?rest_route=%2Fwp%2Fv2%2Fmedia&parent=976"}],"curies":[{"name":"wp","href":"https:\/\/api.w.org\/{rel}","templated":true}]}}