{"id":790,"date":"2026-04-20T19:06:18","date_gmt":"2026-04-20T17:06:18","guid":{"rendered":"https:\/\/magicshoes.fr\/?page_id=790"},"modified":"2026-04-22T22:20:36","modified_gmt":"2026-04-22T20:20:36","slug":"bio","status":"publish","type":"page","link":"https:\/\/magicshoes.fr\/?page_id=790","title":{"rendered":"bio"},"content":{"rendered":"\t\t<div data-elementor-type=\"wp-page\" data-elementor-id=\"790\" class=\"elementor elementor-790\">\n\t\t\t\t<div class=\"elementor-element elementor-element-1c2ef98 e-flex e-con-boxed e-con e-parent\" data-id=\"1c2ef98\" data-element_type=\"container\" data-e-type=\"container\" data-settings=\"{&quot;background_background&quot;:&quot;gradient&quot;}\">\n\t\t\t\t\t<div class=\"e-con-inner\">\n\t\t\t\t<div class=\"elementor-element elementor-element-e966d4e elementor-widget__width-initial elementor-widget-tablet__width-initial elementor-widget elementor-widget-image\" data-id=\"e966d4e\" data-element_type=\"widget\" data-e-type=\"widget\" data-widget_type=\"image.default\">\n\t\t\t\t\t\t\t\t\t\t\t\t<figure class=\"wp-caption\">\n\t\t\t\t\t\t\t\t\t\t\t<a href=\"https:\/\/magicshoes.fr\">\n\t\t\t\t\t\t\t<img decoding=\"async\" width=\"150\" height=\"150\" src=\"https:\/\/magicshoes.fr\/wp-content\/uploads\/2026\/04\/logo-150x150.jpg\" class=\"attachment-thumbnail size-thumbnail wp-image-68\" alt=\"\" srcset=\"https:\/\/magicshoes.fr\/wp-content\/uploads\/2026\/04\/logo-150x150.jpg 150w, https:\/\/magicshoes.fr\/wp-content\/uploads\/2026\/04\/logo-300x300.jpg 300w, https:\/\/magicshoes.fr\/wp-content\/uploads\/2026\/04\/logo-1024x1024.jpg 1024w, https:\/\/magicshoes.fr\/wp-content\/uploads\/2026\/04\/logo-768x768.jpg 768w, https:\/\/magicshoes.fr\/wp-content\/uploads\/2026\/04\/logo.jpg 1324w\" sizes=\"(max-width: 150px) 100vw, 150px\" \/>\t\t\t\t\t\t\t\t<\/a>\n\t\t\t\t\t\t\t\t\t\t\t<figcaption class=\"widget-image-caption wp-caption-text\">Accueil<\/figcaption>\n\t\t\t\t\t\t\t\t\t\t<\/figure>\n\t\t\t\t\t\t\t\t\t<\/div>\n\t\t\t\t\t<\/div>\n\t\t\t\t<\/div>\n\t\t<div class=\"elementor-element elementor-element-1ee14c2 e-flex e-con-boxed e-con e-parent\" data-id=\"1ee14c2\" data-element_type=\"container\" data-e-type=\"container\" data-settings=\"{&quot;background_background&quot;:&quot;gradient&quot;}\">\n\t\t\t\t\t<div class=\"e-con-inner\">\n\t\t<div class=\"elementor-element elementor-element-b37b7aa e-con-full e-flex e-con e-child\" data-id=\"b37b7aa\" data-element_type=\"container\" data-e-type=\"container\">\n\t\t\t\t<div class=\"elementor-element elementor-element-f00bf24 elementor-widget elementor-widget-image\" data-id=\"f00bf24\" data-element_type=\"widget\" data-e-type=\"widget\" data-widget_type=\"image.default\">\n\t\t\t\t\t\t\t\t\t\t\t\t\t\t\t<img decoding=\"async\" width=\"150\" height=\"150\" src=\"https:\/\/magicshoes.fr\/wp-content\/uploads\/2026\/04\/Portrait-Bu-2-1-150x150.jpg\" class=\"attachment-thumbnail size-thumbnail wp-image-848\" alt=\"\" srcset=\"https:\/\/magicshoes.fr\/wp-content\/uploads\/2026\/04\/Portrait-Bu-2-1-150x150.jpg 150w, https:\/\/magicshoes.fr\/wp-content\/uploads\/2026\/04\/Portrait-Bu-2-1.jpg 300w\" sizes=\"(max-width: 150px) 100vw, 150px\" \/>\t\t\t\t\t\t\t\t\t\t\t\t\t\t\t<\/div>\n\t\t\t\t<div class=\"elementor-element elementor-element-d529c47 elementor-widget__width-initial elementor-widget-mobile__width-inherit elementor-widget elementor-widget-text-editor\" data-id=\"d529c47\" data-element_type=\"widget\" data-e-type=\"widget\" data-widget_type=\"text-editor.default\">\n\t\t\t\t\t\t\t\t\t<p>Bruno Edjenguele<\/p>\t\t\t\t\t\t\t\t<\/div>\n\t\t\t\t<div class=\"elementor-element elementor-element-6d5df1c elementor-widget__width-initial elementor-widget-tablet__width-initial elementor-widget elementor-widget-text-editor\" data-id=\"6d5df1c\" data-element_type=\"widget\" data-e-type=\"widget\" data-widget_type=\"text-editor.default\">\n\t\t\t\t\t\t\t\t\t<p>Bruno est d\u2019origine camerounaise, n\u00e9 en r\u00e9gion Parisienne, dans une famille o\u00f9 les artistes ont une belle place. Un oncle cin\u00e9aste et un autre chanteur de Makossa (vari\u00e9t\u00e9 camerounaise). Il s\u2019initie d\u2019abord \u00e0 la guitare et \u00e0 la basse et abandonne la pratique de ces instruments suite \u00e0 un accident. La frustration est grande mais au hasard d\u2019une rencontre dans la maison des jeunes de son quartier, apr\u00e8s l\u2019avoir entendu chanter pour s\u2019amuser lors d\u2019un festival amateur (CREAMA), un groupe lui propose de faire des ch\u0153urs pour remplacer un artiste qui ne peut pas assurer la prestation. Il se prend au jeu, suit quelques cours de chant et se lance dans l\u2019aventure.<\/p><p>Apr\u00e8s plusieurs sc\u00e8nes qui forgent la confiance pour prendre cette nouvelle direction, arrive la proposition d\u2019un producteur qui a mis les premiers groupes de Rap Fran\u00e7ais renomm\u00e9s encore aujourd&rsquo;hui en lumi\u00e8re en les signant en maison de disques (Rap Attitude 1 &amp; 2). Celui-ci veut cr\u00e9er un groupe vocal \u00e0 l\u2019image des Mythiques Temptations, Four Tops, Spinners et de leurs contemporains, Boyz II Men, Take 6 et Pasadenas qui ont fait les beaux jours du R&amp;B Am\u00e9ricain. La version fran\u00e7aise sous le nom de \u201cDELAVOIX\u201d, capable de multiples combinaisons vocales simples ou sophistiqu\u00e9es na\u00eetra et sera constitu\u00e9e de plusieurs chanteurs venus de divers horizons. Un album \u00e9ponyme sortira chez Polydor\/Universal en 1998 et rencontrera son public.<\/p><p>Bruno que l\u2019on appelle dans le milieu, le chanteur noir aux cheveux blanc, se distingue par son plaisir du partage sur sc\u00e8ne et Cl\u00e9mentine C\u00e9lari\u00e9 sera la premi\u00e8re \u00e0 lui faire confiance et on le retrouvera au c\u00f4t\u00e9 d\u2019artistes Fran\u00e7ais tels que, Lara Fabian, Henri Salvador, Teri Mo\u00efse, Anthony Kavanagh, Gilbert Montagn\u00e9, Etienne Daho, Tribal Jam et Tribal Jam, Kery James ou encore aupr\u00e8s d\u2019artistes anglo-saxons comme Mariah Carey, Luther Vandross et Cunny Williams. On peut aussi entendre sa voix sur les com\u00e9dies musicales \u00ab\u00a0Notre Dame de Paris\u00a0\u00bb, \u00ab\u00a0Le Roi Lion\u00a0\u00bb, \u00ab\u00a0Le Petit Prince\u00a0\u00bb.<\/p>\t\t\t\t\t\t\t\t<\/div>\n\t\t\t\t<\/div>\n\t\t<div class=\"elementor-element elementor-element-89acbc7 e-con-full e-flex e-con e-child\" data-id=\"89acbc7\" data-element_type=\"container\" data-e-type=\"container\">\n\t\t\t\t<div class=\"elementor-element elementor-element-78cad91 elementor-widget elementor-widget-image\" data-id=\"78cad91\" data-element_type=\"widget\" data-e-type=\"widget\" data-widget_type=\"image.default\">\n\t\t\t\t\t\t\t\t\t\t\t\t\t\t\t<img decoding=\"async\" width=\"150\" height=\"150\" src=\"https:\/\/magicshoes.fr\/wp-content\/uploads\/2026\/04\/Portrait-Cri-2-150x150.jpg\" class=\"attachment-thumbnail size-thumbnail wp-image-849\" alt=\"\" srcset=\"https:\/\/magicshoes.fr\/wp-content\/uploads\/2026\/04\/Portrait-Cri-2-150x150.jpg 150w, https:\/\/magicshoes.fr\/wp-content\/uploads\/2026\/04\/Portrait-Cri-2.jpg 300w\" sizes=\"(max-width: 150px) 100vw, 150px\" \/>\t\t\t\t\t\t\t\t\t\t\t\t\t\t\t<\/div>\n\t\t\t\t<div class=\"elementor-element elementor-element-7b413b6 elementor-widget__width-initial elementor-widget elementor-widget-text-editor\" data-id=\"7b413b6\" data-element_type=\"widget\" data-e-type=\"widget\" data-widget_type=\"text-editor.default\">\n\t\t\t\t\t\t\t\t\t<p>Christophe Guiard<\/p>\t\t\t\t\t\t\t\t<\/div>\n\t\t\t\t<div class=\"elementor-element elementor-element-aa808b6 elementor-widget__width-initial elementor-widget elementor-widget-text-editor\" data-id=\"aa808b6\" data-element_type=\"widget\" data-e-type=\"widget\" data-widget_type=\"text-editor.default\">\n\t\t\t\t\t\t\t\t\t<p>Christophe Guiard est un guitariste et bassiste originaire de Paris. Dans son parcours fortement autodidacte, il fait une halte studieuse au CIM et en fac de musicologie \u00e0 la Sorbonne en 1990-91.<\/p><p>Ses rencontres musicales \u00e0 Paris et \u00e0 la R\u00e9union o\u00f9 il a v\u00e9cu 20 ans, l\u2019ont amen\u00e9 \u00e0 collaborer avec de nombreux musiciens parmi lesquels Hal Singer, Fran\u00e7ois Jeanneau, St\u00e9phane Belmondo, Olivier Ker Ourio, Fr\u00e9d\u00e9ric Sylvestre, Romane, P\u00ebr Jensen ou Cl\u00e9mentine.<\/p><p>En 2011 il obtient son DEM puis sort laur\u00e9at du concours d\u2019assistant sp\u00e9cialis\u00e9 jazz de la Fonction Publique Territoriale. Pendant les 13 ann\u00e9es qui suivent il enseigne en instrument, arrangement, histoire, ateliers et informatique musicale au Conservatoire \u00e0 Rayonnement R\u00e9gional de la R\u00e9union. Il cr\u00e9e l\u2019orchestre de jazz de l\u2019Arem \u00e0 St Denis en 2021.<\/p><p>Il compose et arrange \u00e0 la demande pour groupes et orchestres et enseigne en distanciel depuis son arriv\u00e9e en Dordogne en 2024.<\/p>\t\t\t\t\t\t\t\t<\/div>\n\t\t\t\t<\/div>\n\t\t\t\t\t<\/div>\n\t\t\t\t<\/div>\n\t\t<div class=\"elementor-element elementor-element-dc87356 e-flex e-con-boxed e-con e-parent\" data-id=\"dc87356\" data-element_type=\"container\" data-e-type=\"container\" data-settings=\"{&quot;background_background&quot;:&quot;gradient&quot;}\">\n\t\t\t\t\t<div class=\"e-con-inner\">\n\t\t\t\t<div class=\"elementor-element elementor-element-f0158e6 elementor-widget elementor-widget-text-editor\" data-id=\"f0158e6\" data-element_type=\"widget\" data-e-type=\"widget\" data-widget_type=\"text-editor.default\">\n\t\t\t\t\t\t\t\t\t<p>Magic Shoes, duo radieux, enjou\u00e9 et riche en \u00e9motion, \u00e0 l&rsquo;\u00e9vidence, ces deux l\u00e0 \u00e9taient faits pour se rencontrer. Ils n&rsquo;h\u00e9sitent pas \u00e0 proposer leurs interpr\u00e9tations de titres connus par tous.<br \/>Ils jouent une musique Pop, Jazz et Soul pos\u00e9e sur un tapis de beaux accords et d&rsquo;harmonies complexes \u00e0 la guitare, sur lequel la voix improvise et s&rsquo;\u00e9l\u00e8ve brusquement puis devient un murmure, le tout sans fioriture, tisse un \u00e9crin vibrant, dynamique d&rsquo;une douce musicalit\u00e9.<br \/>Depuis un long moment d\u00e9j\u00e0, Music Shoes roule sa bosse sur les routes de France. Festivals, premi\u00e8re partie d&rsquo;artiste, soir\u00e9e priv\u00e9e dans le r\u00e9seaux culturel et \u00e9v\u00e9nementiel ainsi que dans les jardins des particuliers.<br \/>Cet attachant duo vous embarque et vous invite \u00e0 chanter et \u00e0 partager un moment \u00ab\u00a0Carpe Diem\u00a0\u00bb pour vibrer \u00e0 l&rsquo;unisson.<\/p>\t\t\t\t\t\t\t\t<\/div>\n\t\t\t\t\t<\/div>\n\t\t\t\t<\/div>\n\t\t<div class=\"elementor-element elementor-element-73f962a e-flex e-con-boxed e-con e-parent\" data-id=\"73f962a\" data-element_type=\"container\" data-e-type=\"container\" data-settings=\"{&quot;background_background&quot;:&quot;gradient&quot;}\">\n\t\t\t\t\t<div class=\"e-con-inner\">\n\t\t\t\t<div class=\"elementor-element elementor-element-0782f77 elementor-widget__width-initial elementor-widget-tablet__width-initial elementor-widget elementor-widget-image\" data-id=\"0782f77\" data-element_type=\"widget\" data-e-type=\"widget\" data-widget_type=\"image.default\">\n\t\t\t\t\t\t\t\t\t\t\t\t<figure class=\"wp-caption\">\n\t\t\t\t\t\t\t\t\t\t\t<a href=\"https:\/\/magicshoes.fr\">\n\t\t\t\t\t\t\t<img decoding=\"async\" width=\"150\" height=\"150\" src=\"https:\/\/magicshoes.fr\/wp-content\/uploads\/2026\/04\/logo-150x150.jpg\" class=\"attachment-thumbnail size-thumbnail wp-image-68\" alt=\"\" srcset=\"https:\/\/magicshoes.fr\/wp-content\/uploads\/2026\/04\/logo-150x150.jpg 150w, https:\/\/magicshoes.fr\/wp-content\/uploads\/2026\/04\/logo-300x300.jpg 300w, https:\/\/magicshoes.fr\/wp-content\/uploads\/2026\/04\/logo-1024x1024.jpg 1024w, https:\/\/magicshoes.fr\/wp-content\/uploads\/2026\/04\/logo-768x768.jpg 768w, https:\/\/magicshoes.fr\/wp-content\/uploads\/2026\/04\/logo.jpg 1324w\" sizes=\"(max-width: 150px) 100vw, 150px\" \/>\t\t\t\t\t\t\t\t<\/a>\n\t\t\t\t\t\t\t\t\t\t\t<figcaption class=\"widget-image-caption wp-caption-text\">Accueil<\/figcaption>\n\t\t\t\t\t\t\t\t\t\t<\/figure>\n\t\t\t\t\t\t\t\t\t<\/div>\n\t\t\t\t<div class=\"elementor-element elementor-element-1738322 elementor-view-default elementor-widget elementor-widget-icon\" data-id=\"1738322\" data-element_type=\"widget\" data-e-type=\"widget\" data-widget_type=\"icon.default\">\n\t\t\t\t\t\t\t<div class=\"elementor-icon-wrapper\">\n\t\t\t<a class=\"elementor-icon\" href=\"mailto:contact@magicshoes.fr\">\n\t\t\t<svg aria-hidden=\"true\" class=\"e-font-icon-svg e-far-envelope\" viewBox=\"0 0 512 512\" xmlns=\"http:\/\/www.w3.org\/2000\/svg\"><path d=\"M464 64H48C21.49 64 0 85.49 0 112v288c0 26.51 21.49 48 48 48h416c26.51 0 48-21.49 48-48V112c0-26.51-21.49-48-48-48zm0 48v40.805c-22.422 18.259-58.168 46.651-134.587 106.49-16.841 13.247-50.201 45.072-73.413 44.701-23.208.375-56.579-31.459-73.413-44.701C106.18 199.465 70.425 171.067 48 152.805V112h416zM48 400V214.398c22.914 18.251 55.409 43.862 104.938 82.646 21.857 17.205 60.134 55.186 103.062 54.955 42.717.231 80.509-37.199 103.053-54.947 49.528-38.783 82.032-64.401 104.947-82.653V400H48z\"><\/path><\/svg>\t\t\t<\/a>\n\t\t<\/div>\n\t\t\t\t\t\t<\/div>\n\t\t\t\t\t<\/div>\n\t\t\t\t<\/div>\n\t\t\t\t<\/div>\n\t\t","protected":false},"excerpt":{"rendered":"<p>Accueil Bruno Edjenguele Bruno est d\u2019origine camerounaise, n\u00e9 en r\u00e9gion Parisienne, dans une famille o\u00f9 les artistes ont une belle place. Un oncle cin\u00e9aste et un autre chanteur de Makossa (vari\u00e9t\u00e9 camerounaise). Il s\u2019initie d\u2019abord \u00e0 la guitare et \u00e0 la basse et abandonne la pratique de ces instruments suite \u00e0 un accident. La frustration [&hellip;]<\/p>\n","protected":false},"author":1,"featured_media":0,"parent":0,"menu_order":0,"comment_status":"closed","ping_status":"closed","template":"","meta":{"footnotes":""},"class_list":["post-790","page","type-page","status-publish","hentry","entry"],"_links":{"self":[{"href":"https:\/\/magicshoes.fr\/index.php?rest_route=\/wp\/v2\/pages\/790","targetHints":{"allow":["GET"]}}],"collection":[{"href":"https:\/\/magicshoes.fr\/index.php?rest_route=\/wp\/v2\/pages"}],"about":[{"href":"https:\/\/magicshoes.fr\/index.php?rest_route=\/wp\/v2\/types\/page"}],"author":[{"embeddable":true,"href":"https:\/\/magicshoes.fr\/index.php?rest_route=\/wp\/v2\/users\/1"}],"replies":[{"embeddable":true,"href":"https:\/\/magicshoes.fr\/index.php?rest_route=%2Fwp%2Fv2%2Fcomments&post=790"}],"version-history":[{"count":112,"href":"https:\/\/magicshoes.fr\/index.php?rest_route=\/wp\/v2\/pages\/790\/revisions"}],"predecessor-version":[{"id":1208,"href":"https:\/\/magicshoes.fr\/index.php?rest_route=\/wp\/v2\/pages\/790\/revisions\/1208"}],"wp:attachment":[{"href":"https:\/\/magicshoes.fr\/index.php?rest_route=%2Fwp%2Fv2%2Fmedia&parent=790"}],"curies":[{"name":"wp","href":"https:\/\/api.w.org\/{rel}","templated":true}]}}